{"id":2270,"date":"2025-05-20T09:11:36","date_gmt":"2025-05-20T09:11:36","guid":{"rendered":"https:\/\/www.visitlakecomo.info\/shops-und-services\/papeterie"},"modified":"2025-06-17T10:05:10","modified_gmt":"2025-06-17T10:05:10","slug":"papeterie","status":"publish","type":"page","link":"http:\/\/www.visitlakecomo.info\/de\/shops-und-services\/papeterie","title":{"rendered":"Papeterie"},"content":{"rendered":"<p>Die <b>Papeterie am Comer See<\/b>, in denen Sie Schulbedarf, B\u00fcroartikel und Geschenke kaufen k\u00f6nnen. Um die Bed\u00fcrfnisse von Studenten, Profis und Enthusiasten zu erf\u00fcllen.<\/p>","protected":false},"excerpt":{"rendered":"<p>Die Papeterie am Comer See, in denen Sie Schulbedarf, B\u00fcroartikel und Geschenke kaufen k\u00f6nnen. Um die Bed\u00fcrfnisse von Studenten, Profis und Enthusiasten zu erf\u00fcllen.<\/p>\n","protected":false},"author":1,"featured_media":0,"parent":2228,"menu_order":0,"comment_status":"closed","ping_status":"closed","template":"page-templates\/categoria_imprese.php","meta":{"_acf_changed":false,"inline_featured_image":false,"footnotes":""},"class_list":["post-2270","page","type-page","status-publish","hentry"],"acf":[],"yoast_head":"<!-- This site is optimized with the Yoast SEO plugin v25.2 - https:\/\/yoast.com\/wordpress\/plugins\/seo\/ -->\n<title>Papeterie am Comer See - Entdecke Comer See<\/title>\n<meta name=\"description\" content=\"Entdecken Sie Papeterie am Comer See: Schulbedarf, B\u00fcroartikel &amp; kreative Gegenst\u00e4nde.\" \/>\n<meta name=\"robots\" content=\"index, follow, max-snippet:-1, max-image-preview:large, max-video-preview:-1\" \/>\n<link rel=\"canonical\" href=\"https:\/\/www.visitlakecomo.info\/de\/shops-und-services\/papeterie\" \/>\n<meta property=\"og:locale\" content=\"de_DE\" \/>\n<meta property=\"og:type\" content=\"article\" \/>\n<meta property=\"og:title\" content=\"Papeterie am Comer See - Entdecke Comer See\" \/>\n<meta property=\"og:description\" content=\"Entdecken Sie Papeterie am Comer See: Schulbedarf, B\u00fcroartikel &amp; kreative Gegenst\u00e4nde.\" \/>\n<meta property=\"og:url\" content=\"https:\/\/www.visitlakecomo.info\/de\/shops-und-services\/papeterie\" \/>\n<meta property=\"og:site_name\" content=\"Visit Lake Como\" \/>\n<meta property=\"article:modified_time\" content=\"2025-06-17T10:05:10+00:00\" \/>\n<meta name=\"twitter:card\" content=\"summary_large_image\" \/>\n<script type=\"application\/ld+json\" class=\"yoast-schema-graph\">{\"@context\":\"https:\/\/schema.org\",\"@graph\":[{\"@type\":\"WebPage\",\"@id\":\"https:\/\/www.visitlakecomo.info\/de\/shops-und-services\/papeterie\",\"url\":\"https:\/\/www.visitlakecomo.info\/de\/shops-und-services\/papeterie\",\"name\":\"Papeterie am Comer See - Entdecke Comer See\",\"isPartOf\":{\"@id\":\"https:\/\/www.visitlakecomo.info\/#website\"},\"datePublished\":\"2025-05-20T09:11:36+00:00\",\"dateModified\":\"2025-06-17T10:05:10+00:00\",\"description\":\"Entdecken Sie Papeterie am Comer See: Schulbedarf, B\u00fcroartikel & kreative Gegenst\u00e4nde.\",\"breadcrumb\":{\"@id\":\"https:\/\/www.visitlakecomo.info\/de\/shops-und-services\/papeterie#breadcrumb\"},\"inLanguage\":\"de\",\"potentialAction\":[{\"@type\":\"ReadAction\",\"target\":[\"https:\/\/www.visitlakecomo.info\/de\/shops-und-services\/papeterie\"]}]},{\"@type\":\"BreadcrumbList\",\"@id\":\"https:\/\/www.visitlakecomo.info\/de\/shops-und-services\/papeterie#breadcrumb\",\"itemListElement\":[{\"@type\":\"ListItem\",\"position\":1,\"name\":\"Home\",\"item\":\"https:\/\/www.visitlakecomo.info\/de\"},{\"@type\":\"ListItem\",\"position\":2,\"name\":\"Shops und Services\",\"item\":\"https:\/\/www.visitlakecomo.info\/de\/shops-und-services\"},{\"@type\":\"ListItem\",\"position\":3,\"name\":\"Papeterie\"}]},{\"@type\":\"WebSite\",\"@id\":\"https:\/\/www.visitlakecomo.info\/#website\",\"url\":\"https:\/\/www.visitlakecomo.info\/\",\"name\":\"Visit Lake Como\",\"description\":\"\",\"potentialAction\":[{\"@type\":\"SearchAction\",\"target\":{\"@type\":\"EntryPoint\",\"urlTemplate\":\"https:\/\/www.visitlakecomo.info\/?s={search_term_string}\"},\"query-input\":{\"@type\":\"PropertyValueSpecification\",\"valueRequired\":true,\"valueName\":\"search_term_string\"}}],\"inLanguage\":\"de\"}]}<\/script>\n<!-- \/ Yoast SEO plugin. -->","yoast_head_json":{"title":"Papeterie am Comer See - Entdecke Comer See","description":"Entdecken Sie Papeterie am Comer See: Schulbedarf, B\u00fcroartikel & kreative Gegenst\u00e4nde.","robots":{"index":"index","follow":"follow","max-snippet":"max-snippet:-1","max-image-preview":"max-image-preview:large","max-video-preview":"max-video-preview:-1"},"canonical":"https:\/\/www.visitlakecomo.info\/de\/shops-und-services\/papeterie","og_locale":"de_DE","og_type":"article","og_title":"Papeterie am Comer See - Entdecke Comer See","og_description":"Entdecken Sie Papeterie am Comer See: Schulbedarf, B\u00fcroartikel & kreative Gegenst\u00e4nde.","og_url":"https:\/\/www.visitlakecomo.info\/de\/shops-und-services\/papeterie","og_site_name":"Visit Lake Como","article_modified_time":"2025-06-17T10:05:10+00:00","twitter_card":"summary_large_image","schema":{"@context":"https:\/\/schema.org","@graph":[{"@type":"WebPage","@id":"https:\/\/www.visitlakecomo.info\/de\/shops-und-services\/papeterie","url":"https:\/\/www.visitlakecomo.info\/de\/shops-und-services\/papeterie","name":"Papeterie am Comer See - Entdecke Comer See","isPartOf":{"@id":"https:\/\/www.visitlakecomo.info\/#website"},"datePublished":"2025-05-20T09:11:36+00:00","dateModified":"2025-06-17T10:05:10+00:00","description":"Entdecken Sie Papeterie am Comer See: Schulbedarf, B\u00fcroartikel & kreative Gegenst\u00e4nde.","breadcrumb":{"@id":"https:\/\/www.visitlakecomo.info\/de\/shops-und-services\/papeterie#breadcrumb"},"inLanguage":"de","potentialAction":[{"@type":"ReadAction","target":["https:\/\/www.visitlakecomo.info\/de\/shops-und-services\/papeterie"]}]},{"@type":"BreadcrumbList","@id":"https:\/\/www.visitlakecomo.info\/de\/shops-und-services\/papeterie#breadcrumb","itemListElement":[{"@type":"ListItem","position":1,"name":"Home","item":"https:\/\/www.visitlakecomo.info\/de"},{"@type":"ListItem","position":2,"name":"Shops und Services","item":"https:\/\/www.visitlakecomo.info\/de\/shops-und-services"},{"@type":"ListItem","position":3,"name":"Papeterie"}]},{"@type":"WebSite","@id":"https:\/\/www.visitlakecomo.info\/#website","url":"https:\/\/www.visitlakecomo.info\/","name":"Visit Lake Como","description":"","potentialAction":[{"@type":"SearchAction","target":{"@type":"EntryPoint","urlTemplate":"https:\/\/www.visitlakecomo.info\/?s={search_term_string}"},"query-input":{"@type":"PropertyValueSpecification","valueRequired":true,"valueName":"search_term_string"}}],"inLanguage":"de"}]}},"_links":{"self":[{"href":"http:\/\/www.visitlakecomo.info\/de\/wp-json\/wp\/v2\/pages\/2270","targetHints":{"allow":["GET"]}}],"collection":[{"href":"http:\/\/www.visitlakecomo.info\/de\/wp-json\/wp\/v2\/pages"}],"about":[{"href":"http:\/\/www.visitlakecomo.info\/de\/wp-json\/wp\/v2\/types\/page"}],"author":[{"embeddable":true,"href":"http:\/\/www.visitlakecomo.info\/de\/wp-json\/wp\/v2\/users\/1"}],"replies":[{"embeddable":true,"href":"http:\/\/www.visitlakecomo.info\/de\/wp-json\/wp\/v2\/comments?post=2270"}],"version-history":[{"count":1,"href":"http:\/\/www.visitlakecomo.info\/de\/wp-json\/wp\/v2\/pages\/2270\/revisions"}],"predecessor-version":[{"id":2271,"href":"http:\/\/www.visitlakecomo.info\/de\/wp-json\/wp\/v2\/pages\/2270\/revisions\/2271"}],"up":[{"embeddable":true,"href":"http:\/\/www.visitlakecomo.info\/de\/wp-json\/wp\/v2\/pages\/2228"}],"wp:attachment":[{"href":"http:\/\/www.visitlakecomo.info\/de\/wp-json\/wp\/v2\/media?parent=2270"}],"curies":[{"name":"wp","href":"https:\/\/api.w.org\/{rel}","templated":true}]}}