{"id":2276,"date":"2025-05-20T09:11:51","date_gmt":"2025-05-20T09:11:51","guid":{"rendered":"https:\/\/www.visitlakecomo.info\/shops-und-services\/schuhgeschaefte"},"modified":"2025-06-17T10:05:10","modified_gmt":"2025-06-17T10:05:10","slug":"schuhgeschaefte","status":"publish","type":"page","link":"http:\/\/www.visitlakecomo.info\/de\/shops-und-services\/schuhgeschaefte","title":{"rendered":"Schuhgesch\u00e4fte"},"content":{"rendered":"<p><b>Die Schuhgesch\u00e4fte am Comer See<\/b>, wo Sie Qualit\u00e4tsschuhe f\u00fcr M\u00e4nner, Frauen und Kinder f\u00fcr jeden Anlass finden: Zeremonien, Sport, Freizeit.<\/p>","protected":false},"excerpt":{"rendered":"<p>Die Schuhgesch\u00e4fte am Comer See, wo Sie Qualit\u00e4tsschuhe f\u00fcr M\u00e4nner, Frauen und Kinder f\u00fcr jeden Anlass finden: Zeremonien, Sport, Freizeit.<\/p>\n","protected":false},"author":1,"featured_media":0,"parent":2228,"menu_order":0,"comment_status":"closed","ping_status":"closed","template":"page-templates\/categoria_imprese.php","meta":{"_acf_changed":false,"inline_featured_image":false,"footnotes":""},"class_list":["post-2276","page","type-page","status-publish","hentry"],"acf":[],"yoast_head":"<!-- This site is optimized with the Yoast SEO plugin v25.2 - https:\/\/yoast.com\/wordpress\/plugins\/seo\/ -->\n<title>Schuhgesch\u00e4fte am Comer See - Entdecke Comer See<\/title>\n<meta name=\"description\" content=\"Entdecken Sie Schuhgesch\u00e4fte am Comer See: Qualit\u00e4tsschuhe f\u00fcr M\u00e4nner, Frauen &amp; Kinder, f\u00fcr jeden Anlass.\" \/>\n<meta name=\"robots\" content=\"index, follow, max-snippet:-1, max-image-preview:large, max-video-preview:-1\" \/>\n<link rel=\"canonical\" href=\"https:\/\/www.visitlakecomo.info\/de\/shops-und-services\/schuhgeschaefte\" \/>\n<meta property=\"og:locale\" content=\"de_DE\" \/>\n<meta property=\"og:type\" content=\"article\" \/>\n<meta property=\"og:title\" content=\"Schuhgesch\u00e4fte am Comer See - Entdecke Comer See\" \/>\n<meta property=\"og:description\" content=\"Entdecken Sie Schuhgesch\u00e4fte am Comer See: Qualit\u00e4tsschuhe f\u00fcr M\u00e4nner, Frauen &amp; Kinder, f\u00fcr jeden Anlass.\" \/>\n<meta property=\"og:url\" content=\"https:\/\/www.visitlakecomo.info\/de\/shops-und-services\/schuhgeschaefte\" \/>\n<meta property=\"og:site_name\" content=\"Visit Lake Como\" \/>\n<meta property=\"article:modified_time\" content=\"2025-06-17T10:05:10+00:00\" \/>\n<meta name=\"twitter:card\" content=\"summary_large_image\" \/>\n<script type=\"application\/ld+json\" class=\"yoast-schema-graph\">{\"@context\":\"https:\/\/schema.org\",\"@graph\":[{\"@type\":\"WebPage\",\"@id\":\"https:\/\/www.visitlakecomo.info\/de\/shops-und-services\/schuhgeschaefte\",\"url\":\"https:\/\/www.visitlakecomo.info\/de\/shops-und-services\/schuhgeschaefte\",\"name\":\"Schuhgesch\u00e4fte am Comer See - Entdecke Comer See\",\"isPartOf\":{\"@id\":\"https:\/\/www.visitlakecomo.info\/#website\"},\"datePublished\":\"2025-05-20T09:11:51+00:00\",\"dateModified\":\"2025-06-17T10:05:10+00:00\",\"description\":\"Entdecken Sie Schuhgesch\u00e4fte am Comer See: Qualit\u00e4tsschuhe f\u00fcr M\u00e4nner, Frauen & Kinder, f\u00fcr jeden Anlass.\",\"breadcrumb\":{\"@id\":\"https:\/\/www.visitlakecomo.info\/de\/shops-und-services\/schuhgeschaefte#breadcrumb\"},\"inLanguage\":\"de\",\"potentialAction\":[{\"@type\":\"ReadAction\",\"target\":[\"https:\/\/www.visitlakecomo.info\/de\/shops-und-services\/schuhgeschaefte\"]}]},{\"@type\":\"BreadcrumbList\",\"@id\":\"https:\/\/www.visitlakecomo.info\/de\/shops-und-services\/schuhgeschaefte#breadcrumb\",\"itemListElement\":[{\"@type\":\"ListItem\",\"position\":1,\"name\":\"Home\",\"item\":\"https:\/\/www.visitlakecomo.info\/de\"},{\"@type\":\"ListItem\",\"position\":2,\"name\":\"Shops und Services\",\"item\":\"https:\/\/www.visitlakecomo.info\/de\/shops-und-services\"},{\"@type\":\"ListItem\",\"position\":3,\"name\":\"Schuhgesch\u00e4fte\"}]},{\"@type\":\"WebSite\",\"@id\":\"https:\/\/www.visitlakecomo.info\/#website\",\"url\":\"https:\/\/www.visitlakecomo.info\/\",\"name\":\"Visit Lake Como\",\"description\":\"\",\"potentialAction\":[{\"@type\":\"SearchAction\",\"target\":{\"@type\":\"EntryPoint\",\"urlTemplate\":\"https:\/\/www.visitlakecomo.info\/?s={search_term_string}\"},\"query-input\":{\"@type\":\"PropertyValueSpecification\",\"valueRequired\":true,\"valueName\":\"search_term_string\"}}],\"inLanguage\":\"de\"}]}<\/script>\n<!-- \/ Yoast SEO plugin. -->","yoast_head_json":{"title":"Schuhgesch\u00e4fte am Comer See - Entdecke Comer See","description":"Entdecken Sie Schuhgesch\u00e4fte am Comer See: Qualit\u00e4tsschuhe f\u00fcr M\u00e4nner, Frauen & Kinder, f\u00fcr jeden Anlass.","robots":{"index":"index","follow":"follow","max-snippet":"max-snippet:-1","max-image-preview":"max-image-preview:large","max-video-preview":"max-video-preview:-1"},"canonical":"https:\/\/www.visitlakecomo.info\/de\/shops-und-services\/schuhgeschaefte","og_locale":"de_DE","og_type":"article","og_title":"Schuhgesch\u00e4fte am Comer See - Entdecke Comer See","og_description":"Entdecken Sie Schuhgesch\u00e4fte am Comer See: Qualit\u00e4tsschuhe f\u00fcr M\u00e4nner, Frauen & Kinder, f\u00fcr jeden Anlass.","og_url":"https:\/\/www.visitlakecomo.info\/de\/shops-und-services\/schuhgeschaefte","og_site_name":"Visit Lake Como","article_modified_time":"2025-06-17T10:05:10+00:00","twitter_card":"summary_large_image","schema":{"@context":"https:\/\/schema.org","@graph":[{"@type":"WebPage","@id":"https:\/\/www.visitlakecomo.info\/de\/shops-und-services\/schuhgeschaefte","url":"https:\/\/www.visitlakecomo.info\/de\/shops-und-services\/schuhgeschaefte","name":"Schuhgesch\u00e4fte am Comer See - Entdecke Comer See","isPartOf":{"@id":"https:\/\/www.visitlakecomo.info\/#website"},"datePublished":"2025-05-20T09:11:51+00:00","dateModified":"2025-06-17T10:05:10+00:00","description":"Entdecken Sie Schuhgesch\u00e4fte am Comer See: Qualit\u00e4tsschuhe f\u00fcr M\u00e4nner, Frauen & Kinder, f\u00fcr jeden Anlass.","breadcrumb":{"@id":"https:\/\/www.visitlakecomo.info\/de\/shops-und-services\/schuhgeschaefte#breadcrumb"},"inLanguage":"de","potentialAction":[{"@type":"ReadAction","target":["https:\/\/www.visitlakecomo.info\/de\/shops-und-services\/schuhgeschaefte"]}]},{"@type":"BreadcrumbList","@id":"https:\/\/www.visitlakecomo.info\/de\/shops-und-services\/schuhgeschaefte#breadcrumb","itemListElement":[{"@type":"ListItem","position":1,"name":"Home","item":"https:\/\/www.visitlakecomo.info\/de"},{"@type":"ListItem","position":2,"name":"Shops und Services","item":"https:\/\/www.visitlakecomo.info\/de\/shops-und-services"},{"@type":"ListItem","position":3,"name":"Schuhgesch\u00e4fte"}]},{"@type":"WebSite","@id":"https:\/\/www.visitlakecomo.info\/#website","url":"https:\/\/www.visitlakecomo.info\/","name":"Visit Lake Como","description":"","potentialAction":[{"@type":"SearchAction","target":{"@type":"EntryPoint","urlTemplate":"https:\/\/www.visitlakecomo.info\/?s={search_term_string}"},"query-input":{"@type":"PropertyValueSpecification","valueRequired":true,"valueName":"search_term_string"}}],"inLanguage":"de"}]}},"_links":{"self":[{"href":"http:\/\/www.visitlakecomo.info\/de\/wp-json\/wp\/v2\/pages\/2276","targetHints":{"allow":["GET"]}}],"collection":[{"href":"http:\/\/www.visitlakecomo.info\/de\/wp-json\/wp\/v2\/pages"}],"about":[{"href":"http:\/\/www.visitlakecomo.info\/de\/wp-json\/wp\/v2\/types\/page"}],"author":[{"embeddable":true,"href":"http:\/\/www.visitlakecomo.info\/de\/wp-json\/wp\/v2\/users\/1"}],"replies":[{"embeddable":true,"href":"http:\/\/www.visitlakecomo.info\/de\/wp-json\/wp\/v2\/comments?post=2276"}],"version-history":[{"count":1,"href":"http:\/\/www.visitlakecomo.info\/de\/wp-json\/wp\/v2\/pages\/2276\/revisions"}],"predecessor-version":[{"id":2277,"href":"http:\/\/www.visitlakecomo.info\/de\/wp-json\/wp\/v2\/pages\/2276\/revisions\/2277"}],"up":[{"embeddable":true,"href":"http:\/\/www.visitlakecomo.info\/de\/wp-json\/wp\/v2\/pages\/2228"}],"wp:attachment":[{"href":"http:\/\/www.visitlakecomo.info\/de\/wp-json\/wp\/v2\/media?parent=2276"}],"curies":[{"name":"wp","href":"https:\/\/api.w.org\/{rel}","templated":true}]}}