{"id":57,"date":"2025-04-16T13:05:52","date_gmt":"2025-04-16T13:05:52","guid":{"rendered":"https:\/\/www.visitlakecomo.info\/?page_id=57"},"modified":"2025-06-17T10:05:01","modified_gmt":"2025-06-17T10:05:01","slug":"homepage","status":"publish","type":"page","link":"http:\/\/www.visitlakecomo.info\/de","title":{"rendered":"Startseite"},"content":{"rendered":"<p>Wir hei\u00dfen Sie am <b>Comer See<\/b> willkommen, wo die <b>Eleganz historischer Villen<\/b> auf die <b>Majest\u00e4t der Alpen<\/b> trifft. Das schimmernde Wasser des Sees bildet die Kulisse f\u00fcr poetische <b>Bootsausfl\u00fcge<\/b>, die Sie beim <b>Besuch von D\u00f6rfern und G\u00e4rten<\/b> oder bei <b>Wanderungen in der Natur<\/b> begleiten. Probieren Sie auch den Fisch aus dem See, um <b>kulinarische Erlebnisse<\/b> zu genie\u00dfen, die von der authentischen lokalen Tradition zeugen.<\/p>","protected":false},"excerpt":{"rendered":"<p>Wir hei\u00dfen Sie am Comer See willkommen, wo die Eleganz historischer Villen auf die Majest\u00e4t der Alpen trifft. Das schimmernde Wasser des Sees bildet die Kulisse f\u00fcr poetische Bootsausfl\u00fcge, die Sie beim Besuch von D\u00f6rfern und G\u00e4rten oder bei Wanderungen in der Natur begleiten. Probieren Sie auch den Fisch aus dem See, um kulinarische Erlebnisse &hellip;<\/p>\n","protected":false},"author":1,"featured_media":0,"parent":0,"menu_order":0,"comment_status":"closed","ping_status":"closed","template":"page-templates\/homepage.php","meta":{"_acf_changed":false,"inline_featured_image":false,"footnotes":""},"class_list":["post-57","page","type-page","status-publish","hentry"],"acf":[],"yoast_head":"<!-- This site is optimized with the Yoast SEO plugin v25.2 - https:\/\/yoast.com\/wordpress\/plugins\/seo\/ -->\n<title>Visit Lake Como<\/title>\n<meta name=\"robots\" content=\"index, follow, max-snippet:-1, max-image-preview:large, max-video-preview:-1\" \/>\n<link rel=\"canonical\" href=\"https:\/\/www.visitlakecomo.info\/de\" \/>\n<meta property=\"og:locale\" content=\"de_DE\" \/>\n<meta property=\"og:type\" content=\"article\" \/>\n<meta property=\"og:title\" content=\"Visit Lake Como\" \/>\n<meta property=\"og:description\" content=\"Wir hei\u00dfen Sie am Comer See willkommen, wo die Eleganz historischer Villen auf die Majest\u00e4t der Alpen trifft. Das schimmernde Wasser des Sees bildet die Kulisse f\u00fcr poetische Bootsausfl\u00fcge, die Sie beim Besuch von D\u00f6rfern und G\u00e4rten oder bei Wanderungen in der Natur begleiten. Probieren Sie auch den Fisch aus dem See, um kulinarische Erlebnisse &hellip;\" \/>\n<meta property=\"og:url\" content=\"https:\/\/www.visitlakecomo.info\/de\" \/>\n<meta property=\"og:site_name\" content=\"Visit Lake Como\" \/>\n<meta property=\"article:modified_time\" content=\"2025-06-17T10:05:01+00:00\" \/>\n<meta name=\"twitter:card\" content=\"summary_large_image\" \/>\n<script type=\"application\/ld+json\" class=\"yoast-schema-graph\">{\"@context\":\"https:\/\/schema.org\",\"@graph\":[{\"@type\":\"WebPage\",\"@id\":\"https:\/\/www.visitlakecomo.info\/de\",\"url\":\"https:\/\/www.visitlakecomo.info\/de\",\"name\":\"Visit Lake Como\",\"isPartOf\":{\"@id\":\"https:\/\/www.visitlakecomo.info\/#website\"},\"datePublished\":\"2025-04-16T13:05:52+00:00\",\"dateModified\":\"2025-06-17T10:05:01+00:00\",\"breadcrumb\":{\"@id\":\"https:\/\/www.visitlakecomo.info\/de#breadcrumb\"},\"inLanguage\":\"de\",\"potentialAction\":[{\"@type\":\"ReadAction\",\"target\":[\"https:\/\/www.visitlakecomo.info\/de\"]}]},{\"@type\":\"BreadcrumbList\",\"@id\":\"https:\/\/www.visitlakecomo.info\/de#breadcrumb\",\"itemListElement\":[{\"@type\":\"ListItem\",\"position\":1,\"name\":\"Home\",\"item\":\"https:\/\/www.visitlakecomo.info\/de\"},{\"@type\":\"ListItem\",\"position\":2,\"name\":\"Startseite\"}]},{\"@type\":\"WebSite\",\"@id\":\"https:\/\/www.visitlakecomo.info\/#website\",\"url\":\"https:\/\/www.visitlakecomo.info\/\",\"name\":\"Visit Lake Como\",\"description\":\"\",\"potentialAction\":[{\"@type\":\"SearchAction\",\"target\":{\"@type\":\"EntryPoint\",\"urlTemplate\":\"https:\/\/www.visitlakecomo.info\/?s={search_term_string}\"},\"query-input\":{\"@type\":\"PropertyValueSpecification\",\"valueRequired\":true,\"valueName\":\"search_term_string\"}}],\"inLanguage\":\"de\"}]}<\/script>\n<!-- \/ Yoast SEO plugin. -->","yoast_head_json":{"title":"Visit Lake Como","robots":{"index":"index","follow":"follow","max-snippet":"max-snippet:-1","max-image-preview":"max-image-preview:large","max-video-preview":"max-video-preview:-1"},"canonical":"https:\/\/www.visitlakecomo.info\/de","og_locale":"de_DE","og_type":"article","og_title":"Visit Lake Como","og_description":"Wir hei\u00dfen Sie am Comer See willkommen, wo die Eleganz historischer Villen auf die Majest\u00e4t der Alpen trifft. Das schimmernde Wasser des Sees bildet die Kulisse f\u00fcr poetische Bootsausfl\u00fcge, die Sie beim Besuch von D\u00f6rfern und G\u00e4rten oder bei Wanderungen in der Natur begleiten. Probieren Sie auch den Fisch aus dem See, um kulinarische Erlebnisse &hellip;","og_url":"https:\/\/www.visitlakecomo.info\/de","og_site_name":"Visit Lake Como","article_modified_time":"2025-06-17T10:05:01+00:00","twitter_card":"summary_large_image","schema":{"@context":"https:\/\/schema.org","@graph":[{"@type":"WebPage","@id":"https:\/\/www.visitlakecomo.info\/de","url":"https:\/\/www.visitlakecomo.info\/de","name":"Visit Lake Como","isPartOf":{"@id":"https:\/\/www.visitlakecomo.info\/#website"},"datePublished":"2025-04-16T13:05:52+00:00","dateModified":"2025-06-17T10:05:01+00:00","breadcrumb":{"@id":"https:\/\/www.visitlakecomo.info\/de#breadcrumb"},"inLanguage":"de","potentialAction":[{"@type":"ReadAction","target":["https:\/\/www.visitlakecomo.info\/de"]}]},{"@type":"BreadcrumbList","@id":"https:\/\/www.visitlakecomo.info\/de#breadcrumb","itemListElement":[{"@type":"ListItem","position":1,"name":"Home","item":"https:\/\/www.visitlakecomo.info\/de"},{"@type":"ListItem","position":2,"name":"Startseite"}]},{"@type":"WebSite","@id":"https:\/\/www.visitlakecomo.info\/#website","url":"https:\/\/www.visitlakecomo.info\/","name":"Visit Lake Como","description":"","potentialAction":[{"@type":"SearchAction","target":{"@type":"EntryPoint","urlTemplate":"https:\/\/www.visitlakecomo.info\/?s={search_term_string}"},"query-input":{"@type":"PropertyValueSpecification","valueRequired":true,"valueName":"search_term_string"}}],"inLanguage":"de"}]}},"_links":{"self":[{"href":"http:\/\/www.visitlakecomo.info\/de\/wp-json\/wp\/v2\/pages\/57","targetHints":{"allow":["GET"]}}],"collection":[{"href":"http:\/\/www.visitlakecomo.info\/de\/wp-json\/wp\/v2\/pages"}],"about":[{"href":"http:\/\/www.visitlakecomo.info\/de\/wp-json\/wp\/v2\/types\/page"}],"author":[{"embeddable":true,"href":"http:\/\/www.visitlakecomo.info\/de\/wp-json\/wp\/v2\/users\/1"}],"replies":[{"embeddable":true,"href":"http:\/\/www.visitlakecomo.info\/de\/wp-json\/wp\/v2\/comments?post=57"}],"version-history":[{"count":3,"href":"http:\/\/www.visitlakecomo.info\/de\/wp-json\/wp\/v2\/pages\/57\/revisions"}],"predecessor-version":[{"id":2219,"href":"http:\/\/www.visitlakecomo.info\/de\/wp-json\/wp\/v2\/pages\/57\/revisions\/2219"}],"wp:attachment":[{"href":"http:\/\/www.visitlakecomo.info\/de\/wp-json\/wp\/v2\/media?parent=57"}],"curies":[{"name":"wp","href":"https:\/\/api.w.org\/{rel}","templated":true}]}}