{"id":2340,"date":"2025-05-02T17:12:06","date_gmt":"2025-05-02T17:12:06","guid":{"rendered":"https:\/\/www.visitlakecomo.info\/empresas-y-comercios\/arte-y-artesania"},"modified":"2025-06-17T10:05:33","modified_gmt":"2025-06-17T10:05:33","slug":"arte-y-artesania","status":"publish","type":"page","link":"http:\/\/www.visitlakecomo.info\/es\/empresas-y-comercios\/arte-y-artesania","title":{"rendered":"Arte y artesan\u00eda"},"content":{"rendered":"<p>Los talleres de <b>artesan\u00eda y galer\u00edas de arte del Lago de Como<\/b> exponen obras \u00fanicas, fruto de la creatividad y tradici\u00f3n local.<\/p>","protected":false},"excerpt":{"rendered":"<p>Los talleres de artesan\u00eda y galer\u00edas de arte del Lago de Como exponen obras \u00fanicas, fruto de la creatividad y tradici\u00f3n local.<\/p>\n","protected":false},"author":1,"featured_media":0,"parent":2312,"menu_order":0,"comment_status":"closed","ping_status":"closed","template":"page-templates\/categoria_imprese.php","meta":{"_acf_changed":false,"inline_featured_image":false,"footnotes":""},"class_list":["post-2340","page","type-page","status-publish","hentry"],"acf":[],"yoast_head":"<!-- This site is optimized with the Yoast SEO plugin v25.2 - https:\/\/yoast.com\/wordpress\/plugins\/seo\/ -->\n<title>Galer\u00edas de arte y artesan\u00eda en el Lago de Como - Visit Lake Como<\/title>\n<meta name=\"description\" content=\"Descubre las galer\u00edas de arte y las mejores tiendas de objetos artesanales y restauraci\u00f3n del Lago de Como.\" \/>\n<meta name=\"robots\" content=\"index, follow, max-snippet:-1, max-image-preview:large, max-video-preview:-1\" \/>\n<link rel=\"canonical\" href=\"https:\/\/www.visitlakecomo.info\/es\/empresas-y-comercios\/arte-y-artesania\" \/>\n<meta property=\"og:locale\" content=\"es_ES\" \/>\n<meta property=\"og:type\" content=\"article\" \/>\n<meta property=\"og:title\" content=\"Galer\u00edas de arte y artesan\u00eda en el Lago de Como - Visit Lake Como\" \/>\n<meta property=\"og:description\" content=\"Descubre las galer\u00edas de arte y las mejores tiendas de objetos artesanales y restauraci\u00f3n del Lago de Como.\" \/>\n<meta property=\"og:url\" content=\"https:\/\/www.visitlakecomo.info\/es\/empresas-y-comercios\/arte-y-artesania\" \/>\n<meta property=\"og:site_name\" content=\"Visit Lake Como\" \/>\n<meta property=\"article:modified_time\" content=\"2025-06-17T10:05:33+00:00\" \/>\n<meta name=\"twitter:card\" content=\"summary_large_image\" \/>\n<script type=\"application\/ld+json\" class=\"yoast-schema-graph\">{\"@context\":\"https:\/\/schema.org\",\"@graph\":[{\"@type\":\"WebPage\",\"@id\":\"https:\/\/www.visitlakecomo.info\/es\/empresas-y-comercios\/arte-y-artesania\",\"url\":\"https:\/\/www.visitlakecomo.info\/es\/empresas-y-comercios\/arte-y-artesania\",\"name\":\"Galer\u00edas de arte y artesan\u00eda en el Lago de Como - Visit Lake Como\",\"isPartOf\":{\"@id\":\"https:\/\/www.visitlakecomo.info\/#website\"},\"datePublished\":\"2025-05-02T17:12:06+00:00\",\"dateModified\":\"2025-06-17T10:05:33+00:00\",\"description\":\"Descubre las galer\u00edas de arte y las mejores tiendas de objetos artesanales y restauraci\u00f3n del Lago de Como.\",\"breadcrumb\":{\"@id\":\"https:\/\/www.visitlakecomo.info\/es\/empresas-y-comercios\/arte-y-artesania#breadcrumb\"},\"inLanguage\":\"es\",\"potentialAction\":[{\"@type\":\"ReadAction\",\"target\":[\"https:\/\/www.visitlakecomo.info\/es\/empresas-y-comercios\/arte-y-artesania\"]}]},{\"@type\":\"BreadcrumbList\",\"@id\":\"https:\/\/www.visitlakecomo.info\/es\/empresas-y-comercios\/arte-y-artesania#breadcrumb\",\"itemListElement\":[{\"@type\":\"ListItem\",\"position\":1,\"name\":\"Home\",\"item\":\"https:\/\/www.visitlakecomo.info\/es\"},{\"@type\":\"ListItem\",\"position\":2,\"name\":\"Empresas y comercios\",\"item\":\"https:\/\/www.visitlakecomo.info\/es\/empresas-y-comercios\"},{\"@type\":\"ListItem\",\"position\":3,\"name\":\"Arte y artesan\u00eda\"}]},{\"@type\":\"WebSite\",\"@id\":\"https:\/\/www.visitlakecomo.info\/#website\",\"url\":\"https:\/\/www.visitlakecomo.info\/\",\"name\":\"Visit Lake Como\",\"description\":\"\",\"potentialAction\":[{\"@type\":\"SearchAction\",\"target\":{\"@type\":\"EntryPoint\",\"urlTemplate\":\"https:\/\/www.visitlakecomo.info\/?s={search_term_string}\"},\"query-input\":{\"@type\":\"PropertyValueSpecification\",\"valueRequired\":true,\"valueName\":\"search_term_string\"}}],\"inLanguage\":\"es\"}]}<\/script>\n<!-- \/ Yoast SEO plugin. -->","yoast_head_json":{"title":"Galer\u00edas de arte y artesan\u00eda en el Lago de Como - Visit Lake Como","description":"Descubre las galer\u00edas de arte y las mejores tiendas de objetos artesanales y restauraci\u00f3n del Lago de Como.","robots":{"index":"index","follow":"follow","max-snippet":"max-snippet:-1","max-image-preview":"max-image-preview:large","max-video-preview":"max-video-preview:-1"},"canonical":"https:\/\/www.visitlakecomo.info\/es\/empresas-y-comercios\/arte-y-artesania","og_locale":"es_ES","og_type":"article","og_title":"Galer\u00edas de arte y artesan\u00eda en el Lago de Como - Visit Lake Como","og_description":"Descubre las galer\u00edas de arte y las mejores tiendas de objetos artesanales y restauraci\u00f3n del Lago de Como.","og_url":"https:\/\/www.visitlakecomo.info\/es\/empresas-y-comercios\/arte-y-artesania","og_site_name":"Visit Lake Como","article_modified_time":"2025-06-17T10:05:33+00:00","twitter_card":"summary_large_image","schema":{"@context":"https:\/\/schema.org","@graph":[{"@type":"WebPage","@id":"https:\/\/www.visitlakecomo.info\/es\/empresas-y-comercios\/arte-y-artesania","url":"https:\/\/www.visitlakecomo.info\/es\/empresas-y-comercios\/arte-y-artesania","name":"Galer\u00edas de arte y artesan\u00eda en el Lago de Como - Visit Lake Como","isPartOf":{"@id":"https:\/\/www.visitlakecomo.info\/#website"},"datePublished":"2025-05-02T17:12:06+00:00","dateModified":"2025-06-17T10:05:33+00:00","description":"Descubre las galer\u00edas de arte y las mejores tiendas de objetos artesanales y restauraci\u00f3n del Lago de Como.","breadcrumb":{"@id":"https:\/\/www.visitlakecomo.info\/es\/empresas-y-comercios\/arte-y-artesania#breadcrumb"},"inLanguage":"es","potentialAction":[{"@type":"ReadAction","target":["https:\/\/www.visitlakecomo.info\/es\/empresas-y-comercios\/arte-y-artesania"]}]},{"@type":"BreadcrumbList","@id":"https:\/\/www.visitlakecomo.info\/es\/empresas-y-comercios\/arte-y-artesania#breadcrumb","itemListElement":[{"@type":"ListItem","position":1,"name":"Home","item":"https:\/\/www.visitlakecomo.info\/es"},{"@type":"ListItem","position":2,"name":"Empresas y comercios","item":"https:\/\/www.visitlakecomo.info\/es\/empresas-y-comercios"},{"@type":"ListItem","position":3,"name":"Arte y artesan\u00eda"}]},{"@type":"WebSite","@id":"https:\/\/www.visitlakecomo.info\/#website","url":"https:\/\/www.visitlakecomo.info\/","name":"Visit Lake Como","description":"","potentialAction":[{"@type":"SearchAction","target":{"@type":"EntryPoint","urlTemplate":"https:\/\/www.visitlakecomo.info\/?s={search_term_string}"},"query-input":{"@type":"PropertyValueSpecification","valueRequired":true,"valueName":"search_term_string"}}],"inLanguage":"es"}]}},"_links":{"self":[{"href":"http:\/\/www.visitlakecomo.info\/es\/wp-json\/wp\/v2\/pages\/2340","targetHints":{"allow":["GET"]}}],"collection":[{"href":"http:\/\/www.visitlakecomo.info\/es\/wp-json\/wp\/v2\/pages"}],"about":[{"href":"http:\/\/www.visitlakecomo.info\/es\/wp-json\/wp\/v2\/types\/page"}],"author":[{"embeddable":true,"href":"http:\/\/www.visitlakecomo.info\/es\/wp-json\/wp\/v2\/users\/1"}],"replies":[{"embeddable":true,"href":"http:\/\/www.visitlakecomo.info\/es\/wp-json\/wp\/v2\/comments?post=2340"}],"version-history":[{"count":1,"href":"http:\/\/www.visitlakecomo.info\/es\/wp-json\/wp\/v2\/pages\/2340\/revisions"}],"predecessor-version":[{"id":2341,"href":"http:\/\/www.visitlakecomo.info\/es\/wp-json\/wp\/v2\/pages\/2340\/revisions\/2341"}],"up":[{"embeddable":true,"href":"http:\/\/www.visitlakecomo.info\/es\/wp-json\/wp\/v2\/pages\/2312"}],"wp:attachment":[{"href":"http:\/\/www.visitlakecomo.info\/es\/wp-json\/wp\/v2\/media?parent=2340"}],"curies":[{"name":"wp","href":"https:\/\/api.w.org\/{rel}","templated":true}]}}