{"id":2366,"date":"2025-05-20T09:12:46","date_gmt":"2025-05-20T09:12:46","guid":{"rendered":"https:\/\/www.visitlakecomo.info\/empresas-y-comercios\/pastelerias"},"modified":"2025-06-17T10:05:34","modified_gmt":"2025-06-17T10:05:34","slug":"pastelerias","status":"publish","type":"page","link":"http:\/\/www.visitlakecomo.info\/es\/empresas-y-comercios\/pastelerias","title":{"rendered":"Pasteler\u00edas"},"content":{"rendered":"<p>Aqu\u00ed las mejores <b>pasteler\u00edas del Lago de Como<\/b>, donde disfrutar de deliciosos dulces artesanales, perfectos para cualquier ocasi\u00f3n o para una pausa golosa durante el d\u00eda.<\/p>","protected":false},"excerpt":{"rendered":"<p>Aqu\u00ed las mejores pasteler\u00edas del Lago de Como, donde disfrutar de deliciosos dulces artesanales, perfectos para cualquier ocasi\u00f3n o para una pausa golosa durante el d\u00eda.<\/p>\n","protected":false},"author":1,"featured_media":0,"parent":2312,"menu_order":0,"comment_status":"closed","ping_status":"closed","template":"page-templates\/categoria_imprese.php","meta":{"_acf_changed":false,"inline_featured_image":false,"footnotes":""},"class_list":["post-2366","page","type-page","status-publish","hentry"],"acf":[],"yoast_head":"<!-- This site is optimized with the Yoast SEO plugin v25.2 - https:\/\/yoast.com\/wordpress\/plugins\/seo\/ -->\n<title>Pasteler\u00edas en el Lago de Como - Visit Lake Como<\/title>\n<meta name=\"description\" content=\"Descubre las pasteler\u00edas del Lago de Como: dulces, tartas, aperitivos salados, para un momento especial o una pausa golosa.\" \/>\n<meta name=\"robots\" content=\"index, follow, max-snippet:-1, max-image-preview:large, max-video-preview:-1\" \/>\n<link rel=\"canonical\" href=\"https:\/\/www.visitlakecomo.info\/es\/empresas-y-comercios\/pastelerias\" \/>\n<meta property=\"og:locale\" content=\"es_ES\" \/>\n<meta property=\"og:type\" content=\"article\" \/>\n<meta property=\"og:title\" content=\"Pasteler\u00edas en el Lago de Como - Visit Lake Como\" \/>\n<meta property=\"og:description\" content=\"Descubre las pasteler\u00edas del Lago de Como: dulces, tartas, aperitivos salados, para un momento especial o una pausa golosa.\" \/>\n<meta property=\"og:url\" content=\"https:\/\/www.visitlakecomo.info\/es\/empresas-y-comercios\/pastelerias\" \/>\n<meta property=\"og:site_name\" content=\"Visit Lake Como\" \/>\n<meta property=\"article:modified_time\" content=\"2025-06-17T10:05:34+00:00\" \/>\n<meta name=\"twitter:card\" content=\"summary_large_image\" \/>\n<script type=\"application\/ld+json\" class=\"yoast-schema-graph\">{\"@context\":\"https:\/\/schema.org\",\"@graph\":[{\"@type\":\"WebPage\",\"@id\":\"https:\/\/www.visitlakecomo.info\/es\/empresas-y-comercios\/pastelerias\",\"url\":\"https:\/\/www.visitlakecomo.info\/es\/empresas-y-comercios\/pastelerias\",\"name\":\"Pasteler\u00edas en el Lago de Como - Visit Lake Como\",\"isPartOf\":{\"@id\":\"https:\/\/www.visitlakecomo.info\/#website\"},\"datePublished\":\"2025-05-20T09:12:46+00:00\",\"dateModified\":\"2025-06-17T10:05:34+00:00\",\"description\":\"Descubre las pasteler\u00edas del Lago de Como: dulces, tartas, aperitivos salados, para un momento especial o una pausa golosa.\",\"breadcrumb\":{\"@id\":\"https:\/\/www.visitlakecomo.info\/es\/empresas-y-comercios\/pastelerias#breadcrumb\"},\"inLanguage\":\"es\",\"potentialAction\":[{\"@type\":\"ReadAction\",\"target\":[\"https:\/\/www.visitlakecomo.info\/es\/empresas-y-comercios\/pastelerias\"]}]},{\"@type\":\"BreadcrumbList\",\"@id\":\"https:\/\/www.visitlakecomo.info\/es\/empresas-y-comercios\/pastelerias#breadcrumb\",\"itemListElement\":[{\"@type\":\"ListItem\",\"position\":1,\"name\":\"Home\",\"item\":\"https:\/\/www.visitlakecomo.info\/es\"},{\"@type\":\"ListItem\",\"position\":2,\"name\":\"Empresas y comercios\",\"item\":\"https:\/\/www.visitlakecomo.info\/es\/empresas-y-comercios\"},{\"@type\":\"ListItem\",\"position\":3,\"name\":\"Pasteler\u00edas\"}]},{\"@type\":\"WebSite\",\"@id\":\"https:\/\/www.visitlakecomo.info\/#website\",\"url\":\"https:\/\/www.visitlakecomo.info\/\",\"name\":\"Visit Lake Como\",\"description\":\"\",\"potentialAction\":[{\"@type\":\"SearchAction\",\"target\":{\"@type\":\"EntryPoint\",\"urlTemplate\":\"https:\/\/www.visitlakecomo.info\/?s={search_term_string}\"},\"query-input\":{\"@type\":\"PropertyValueSpecification\",\"valueRequired\":true,\"valueName\":\"search_term_string\"}}],\"inLanguage\":\"es\"}]}<\/script>\n<!-- \/ Yoast SEO plugin. -->","yoast_head_json":{"title":"Pasteler\u00edas en el Lago de Como - Visit Lake Como","description":"Descubre las pasteler\u00edas del Lago de Como: dulces, tartas, aperitivos salados, para un momento especial o una pausa golosa.","robots":{"index":"index","follow":"follow","max-snippet":"max-snippet:-1","max-image-preview":"max-image-preview:large","max-video-preview":"max-video-preview:-1"},"canonical":"https:\/\/www.visitlakecomo.info\/es\/empresas-y-comercios\/pastelerias","og_locale":"es_ES","og_type":"article","og_title":"Pasteler\u00edas en el Lago de Como - Visit Lake Como","og_description":"Descubre las pasteler\u00edas del Lago de Como: dulces, tartas, aperitivos salados, para un momento especial o una pausa golosa.","og_url":"https:\/\/www.visitlakecomo.info\/es\/empresas-y-comercios\/pastelerias","og_site_name":"Visit Lake Como","article_modified_time":"2025-06-17T10:05:34+00:00","twitter_card":"summary_large_image","schema":{"@context":"https:\/\/schema.org","@graph":[{"@type":"WebPage","@id":"https:\/\/www.visitlakecomo.info\/es\/empresas-y-comercios\/pastelerias","url":"https:\/\/www.visitlakecomo.info\/es\/empresas-y-comercios\/pastelerias","name":"Pasteler\u00edas en el Lago de Como - Visit Lake Como","isPartOf":{"@id":"https:\/\/www.visitlakecomo.info\/#website"},"datePublished":"2025-05-20T09:12:46+00:00","dateModified":"2025-06-17T10:05:34+00:00","description":"Descubre las pasteler\u00edas del Lago de Como: dulces, tartas, aperitivos salados, para un momento especial o una pausa golosa.","breadcrumb":{"@id":"https:\/\/www.visitlakecomo.info\/es\/empresas-y-comercios\/pastelerias#breadcrumb"},"inLanguage":"es","potentialAction":[{"@type":"ReadAction","target":["https:\/\/www.visitlakecomo.info\/es\/empresas-y-comercios\/pastelerias"]}]},{"@type":"BreadcrumbList","@id":"https:\/\/www.visitlakecomo.info\/es\/empresas-y-comercios\/pastelerias#breadcrumb","itemListElement":[{"@type":"ListItem","position":1,"name":"Home","item":"https:\/\/www.visitlakecomo.info\/es"},{"@type":"ListItem","position":2,"name":"Empresas y comercios","item":"https:\/\/www.visitlakecomo.info\/es\/empresas-y-comercios"},{"@type":"ListItem","position":3,"name":"Pasteler\u00edas"}]},{"@type":"WebSite","@id":"https:\/\/www.visitlakecomo.info\/#website","url":"https:\/\/www.visitlakecomo.info\/","name":"Visit Lake Como","description":"","potentialAction":[{"@type":"SearchAction","target":{"@type":"EntryPoint","urlTemplate":"https:\/\/www.visitlakecomo.info\/?s={search_term_string}"},"query-input":{"@type":"PropertyValueSpecification","valueRequired":true,"valueName":"search_term_string"}}],"inLanguage":"es"}]}},"_links":{"self":[{"href":"http:\/\/www.visitlakecomo.info\/es\/wp-json\/wp\/v2\/pages\/2366","targetHints":{"allow":["GET"]}}],"collection":[{"href":"http:\/\/www.visitlakecomo.info\/es\/wp-json\/wp\/v2\/pages"}],"about":[{"href":"http:\/\/www.visitlakecomo.info\/es\/wp-json\/wp\/v2\/types\/page"}],"author":[{"embeddable":true,"href":"http:\/\/www.visitlakecomo.info\/es\/wp-json\/wp\/v2\/users\/1"}],"replies":[{"embeddable":true,"href":"http:\/\/www.visitlakecomo.info\/es\/wp-json\/wp\/v2\/comments?post=2366"}],"version-history":[{"count":1,"href":"http:\/\/www.visitlakecomo.info\/es\/wp-json\/wp\/v2\/pages\/2366\/revisions"}],"predecessor-version":[{"id":2367,"href":"http:\/\/www.visitlakecomo.info\/es\/wp-json\/wp\/v2\/pages\/2366\/revisions\/2367"}],"up":[{"embeddable":true,"href":"http:\/\/www.visitlakecomo.info\/es\/wp-json\/wp\/v2\/pages\/2312"}],"wp:attachment":[{"href":"http:\/\/www.visitlakecomo.info\/es\/wp-json\/wp\/v2\/media?parent=2366"}],"curies":[{"name":"wp","href":"https:\/\/api.w.org\/{rel}","templated":true}]}}