{"id":2671,"date":"2025-04-16T13:16:47","date_gmt":"2025-04-16T13:16:47","guid":{"rendered":"https:\/\/www.visitlakecomo.info\/evenements"},"modified":"2025-06-23T14:47:18","modified_gmt":"2025-06-23T14:47:18","slug":"evenements","status":"publish","type":"page","link":"http:\/\/www.visitlakecomo.info\/fr\/evenements","title":{"rendered":"\u00c9v\u00e9nements"},"content":{"rendered":"<p>Le district du <b>Centre Lac<\/b> propose 12 mois d&#039;<b>\u00e9v\u00e9nements <\/b>et de <b>manifestations<\/b>: des occasions \u00e0 ne pas manquer pour visiter et vivre le <b>Lac de C\u00f4me<\/b> en toute saison!<\/p>","protected":false},"excerpt":{"rendered":"<p>Le district du Centre Lac propose 12 mois d&#039;\u00e9v\u00e9nements et de manifestations: des occasions \u00e0 ne pas manquer pour visiter et vivre le Lac de C\u00f4me en toute saison!<\/p>\n","protected":false},"author":1,"featured_media":0,"parent":0,"menu_order":0,"comment_status":"closed","ping_status":"closed","template":"page-templates\/lista_eventi.php","meta":{"_acf_changed":false,"inline_featured_image":false,"footnotes":""},"class_list":["post-2671","page","type-page","status-publish","hentry"],"acf":[],"yoast_head":"<!-- This site is optimized with the Yoast SEO plugin v25.2 - https:\/\/yoast.com\/wordpress\/plugins\/seo\/ -->\n<title>\u00c9v\u00e9nements au Centre du Lac de C\u00f4me - Visit Lake Como<\/title>\n<meta name=\"description\" content=\"Tous les \u00e9v\u00e9nements et manifestations pour d\u00e9couvrir et vivre le Lac de C\u00f4me en toute saison!\" \/>\n<meta name=\"robots\" content=\"index, follow, max-snippet:-1, max-image-preview:large, max-video-preview:-1\" \/>\n<link rel=\"canonical\" href=\"https:\/\/www.visitlakecomo.info\/fr\/evenements\" \/>\n<meta property=\"og:locale\" content=\"fr_FR\" \/>\n<meta property=\"og:type\" content=\"article\" \/>\n<meta property=\"og:title\" content=\"\u00c9v\u00e9nements au Centre du Lac de C\u00f4me - Visit Lake Como\" \/>\n<meta property=\"og:description\" content=\"Tous les \u00e9v\u00e9nements et manifestations pour d\u00e9couvrir et vivre le Lac de C\u00f4me en toute saison!\" \/>\n<meta property=\"og:url\" content=\"https:\/\/www.visitlakecomo.info\/fr\/evenements\" \/>\n<meta property=\"og:site_name\" content=\"Visit Lake Como\" \/>\n<meta property=\"article:modified_time\" content=\"2025-06-23T14:47:18+00:00\" \/>\n<meta name=\"twitter:card\" content=\"summary_large_image\" \/>\n<script type=\"application\/ld+json\" class=\"yoast-schema-graph\">{\"@context\":\"https:\/\/schema.org\",\"@graph\":[{\"@type\":\"WebPage\",\"@id\":\"https:\/\/www.visitlakecomo.info\/fr\/evenements\",\"url\":\"https:\/\/www.visitlakecomo.info\/fr\/evenements\",\"name\":\"\u00c9v\u00e9nements au Centre du Lac de C\u00f4me - Visit Lake Como\",\"isPartOf\":{\"@id\":\"https:\/\/www.visitlakecomo.info\/#website\"},\"datePublished\":\"2025-04-16T13:16:47+00:00\",\"dateModified\":\"2025-06-23T14:47:18+00:00\",\"description\":\"Tous les \u00e9v\u00e9nements et manifestations pour d\u00e9couvrir et vivre le Lac de C\u00f4me en toute saison!\",\"breadcrumb\":{\"@id\":\"https:\/\/www.visitlakecomo.info\/fr\/evenements#breadcrumb\"},\"inLanguage\":\"fr-FR\",\"potentialAction\":[{\"@type\":\"ReadAction\",\"target\":[\"https:\/\/www.visitlakecomo.info\/fr\/evenements\"]}]},{\"@type\":\"BreadcrumbList\",\"@id\":\"https:\/\/www.visitlakecomo.info\/fr\/evenements#breadcrumb\",\"itemListElement\":[{\"@type\":\"ListItem\",\"position\":1,\"name\":\"Home\",\"item\":\"https:\/\/www.visitlakecomo.info\/fr\"},{\"@type\":\"ListItem\",\"position\":2,\"name\":\"\u00c9v\u00e9nements\"}]},{\"@type\":\"WebSite\",\"@id\":\"https:\/\/www.visitlakecomo.info\/#website\",\"url\":\"https:\/\/www.visitlakecomo.info\/\",\"name\":\"Visit Lake Como\",\"description\":\"\",\"potentialAction\":[{\"@type\":\"SearchAction\",\"target\":{\"@type\":\"EntryPoint\",\"urlTemplate\":\"https:\/\/www.visitlakecomo.info\/?s={search_term_string}\"},\"query-input\":{\"@type\":\"PropertyValueSpecification\",\"valueRequired\":true,\"valueName\":\"search_term_string\"}}],\"inLanguage\":\"fr-FR\"}]}<\/script>\n<!-- \/ Yoast SEO plugin. -->","yoast_head_json":{"title":"\u00c9v\u00e9nements au Centre du Lac de C\u00f4me - Visit Lake Como","description":"Tous les \u00e9v\u00e9nements et manifestations pour d\u00e9couvrir et vivre le Lac de C\u00f4me en toute saison!","robots":{"index":"index","follow":"follow","max-snippet":"max-snippet:-1","max-image-preview":"max-image-preview:large","max-video-preview":"max-video-preview:-1"},"canonical":"https:\/\/www.visitlakecomo.info\/fr\/evenements","og_locale":"fr_FR","og_type":"article","og_title":"\u00c9v\u00e9nements au Centre du Lac de C\u00f4me - Visit Lake Como","og_description":"Tous les \u00e9v\u00e9nements et manifestations pour d\u00e9couvrir et vivre le Lac de C\u00f4me en toute saison!","og_url":"https:\/\/www.visitlakecomo.info\/fr\/evenements","og_site_name":"Visit Lake Como","article_modified_time":"2025-06-23T14:47:18+00:00","twitter_card":"summary_large_image","schema":{"@context":"https:\/\/schema.org","@graph":[{"@type":"WebPage","@id":"https:\/\/www.visitlakecomo.info\/fr\/evenements","url":"https:\/\/www.visitlakecomo.info\/fr\/evenements","name":"\u00c9v\u00e9nements au Centre du Lac de C\u00f4me - Visit Lake Como","isPartOf":{"@id":"https:\/\/www.visitlakecomo.info\/#website"},"datePublished":"2025-04-16T13:16:47+00:00","dateModified":"2025-06-23T14:47:18+00:00","description":"Tous les \u00e9v\u00e9nements et manifestations pour d\u00e9couvrir et vivre le Lac de C\u00f4me en toute saison!","breadcrumb":{"@id":"https:\/\/www.visitlakecomo.info\/fr\/evenements#breadcrumb"},"inLanguage":"fr-FR","potentialAction":[{"@type":"ReadAction","target":["https:\/\/www.visitlakecomo.info\/fr\/evenements"]}]},{"@type":"BreadcrumbList","@id":"https:\/\/www.visitlakecomo.info\/fr\/evenements#breadcrumb","itemListElement":[{"@type":"ListItem","position":1,"name":"Home","item":"https:\/\/www.visitlakecomo.info\/fr"},{"@type":"ListItem","position":2,"name":"\u00c9v\u00e9nements"}]},{"@type":"WebSite","@id":"https:\/\/www.visitlakecomo.info\/#website","url":"https:\/\/www.visitlakecomo.info\/","name":"Visit Lake Como","description":"","potentialAction":[{"@type":"SearchAction","target":{"@type":"EntryPoint","urlTemplate":"https:\/\/www.visitlakecomo.info\/?s={search_term_string}"},"query-input":{"@type":"PropertyValueSpecification","valueRequired":true,"valueName":"search_term_string"}}],"inLanguage":"fr-FR"}]}},"_links":{"self":[{"href":"http:\/\/www.visitlakecomo.info\/fr\/wp-json\/wp\/v2\/pages\/2671","targetHints":{"allow":["GET"]}}],"collection":[{"href":"http:\/\/www.visitlakecomo.info\/fr\/wp-json\/wp\/v2\/pages"}],"about":[{"href":"http:\/\/www.visitlakecomo.info\/fr\/wp-json\/wp\/v2\/types\/page"}],"author":[{"embeddable":true,"href":"http:\/\/www.visitlakecomo.info\/fr\/wp-json\/wp\/v2\/users\/1"}],"replies":[{"embeddable":true,"href":"http:\/\/www.visitlakecomo.info\/fr\/wp-json\/wp\/v2\/comments?post=2671"}],"version-history":[{"count":1,"href":"http:\/\/www.visitlakecomo.info\/fr\/wp-json\/wp\/v2\/pages\/2671\/revisions"}],"predecessor-version":[{"id":2672,"href":"http:\/\/www.visitlakecomo.info\/fr\/wp-json\/wp\/v2\/pages\/2671\/revisions\/2672"}],"wp:attachment":[{"href":"http:\/\/www.visitlakecomo.info\/fr\/wp-json\/wp\/v2\/media?parent=2671"}],"curies":[{"name":"wp","href":"https:\/\/api.w.org\/{rel}","templated":true}]}}