{"id":2679,"date":"2025-04-16T13:25:06","date_gmt":"2025-04-16T13:25:06","guid":{"rendered":"https:\/\/www.visitlakecomo.info\/territoire"},"modified":"2025-06-23T14:47:19","modified_gmt":"2025-06-23T14:47:19","slug":"territoire","status":"publish","type":"page","link":"http:\/\/www.visitlakecomo.info\/fr\/territoire","title":{"rendered":"Territoire"},"content":{"rendered":"<p>Explorez le charmant <b>\u00ab Centre du Lac \u00bb<\/b>, o\u00f9 le <b>Lac de C\u00f4me<\/b> se divise en trois branches et est entour\u00e9 de paysages uniques au monde.<\/p><p>D\u00e9couvrez <b>Tremezzina<\/b>, avec ses villas historiques et l\u2019\u00eele Comacina; <b>Griante<\/b>, suspendu entre lac et montagne; <b>Varenna<\/b>, romantique et color\u00e9; <b>Menaggio<\/b>, \u00e9l\u00e9gant et anim\u00e9; et <b>Bellagio<\/b>, la perle du lac. Un voyage entre nature, histoire et beaut\u00e9 intemporelle&#8230;<\/p>","protected":false},"excerpt":{"rendered":"<p>Explorez le charmant \u00ab Centre du Lac \u00bb, o\u00f9 le Lac de C\u00f4me se divise en trois branches et est entour\u00e9 de paysages uniques au monde. D\u00e9couvrez Tremezzina, avec ses villas historiques et l\u2019\u00eele Comacina; Griante, suspendu entre lac et montagne; Varenna, romantique et color\u00e9; Menaggio, \u00e9l\u00e9gant et anim\u00e9; et Bellagio, la perle du lac. &hellip;<\/p>\n","protected":false},"author":1,"featured_media":0,"parent":0,"menu_order":0,"comment_status":"closed","ping_status":"closed","template":"page-templates\/pagina_box.php","meta":{"_acf_changed":false,"inline_featured_image":false,"footnotes":""},"class_list":["post-2679","page","type-page","status-publish","hentry"],"acf":[],"yoast_head":"<!-- This site is optimized with the Yoast SEO plugin v25.2 - https:\/\/yoast.com\/wordpress\/plugins\/seo\/ -->\n<title>Centre du Lac de C\u00f4me: territoire et villages - Visit Lake Como<\/title>\n<meta name=\"description\" content=\"D\u00e9couvrez le Centre du Lac de C\u00f4me: Bellagio, Tremezzina, Menaggio, Varenna et Griante entre histoire et nature.\" \/>\n<meta name=\"robots\" content=\"index, follow, max-snippet:-1, max-image-preview:large, max-video-preview:-1\" \/>\n<link rel=\"canonical\" href=\"https:\/\/www.visitlakecomo.info\/fr\/territoire\" \/>\n<meta property=\"og:locale\" content=\"fr_FR\" \/>\n<meta property=\"og:type\" content=\"article\" \/>\n<meta property=\"og:title\" content=\"Centre du Lac de C\u00f4me: territoire et villages - Visit Lake Como\" \/>\n<meta property=\"og:description\" content=\"D\u00e9couvrez le Centre du Lac de C\u00f4me: Bellagio, Tremezzina, Menaggio, Varenna et Griante entre histoire et nature.\" \/>\n<meta property=\"og:url\" content=\"https:\/\/www.visitlakecomo.info\/fr\/territoire\" \/>\n<meta property=\"og:site_name\" content=\"Visit Lake Como\" \/>\n<meta property=\"article:modified_time\" content=\"2025-06-23T14:47:19+00:00\" \/>\n<meta name=\"twitter:card\" content=\"summary_large_image\" \/>\n<script type=\"application\/ld+json\" class=\"yoast-schema-graph\">{\"@context\":\"https:\/\/schema.org\",\"@graph\":[{\"@type\":\"WebPage\",\"@id\":\"https:\/\/www.visitlakecomo.info\/fr\/territoire\",\"url\":\"https:\/\/www.visitlakecomo.info\/fr\/territoire\",\"name\":\"Centre du Lac de C\u00f4me: territoire et villages - Visit Lake Como\",\"isPartOf\":{\"@id\":\"https:\/\/www.visitlakecomo.info\/#website\"},\"datePublished\":\"2025-04-16T13:25:06+00:00\",\"dateModified\":\"2025-06-23T14:47:19+00:00\",\"description\":\"D\u00e9couvrez le Centre du Lac de C\u00f4me: Bellagio, Tremezzina, Menaggio, Varenna et Griante entre histoire et nature.\",\"breadcrumb\":{\"@id\":\"https:\/\/www.visitlakecomo.info\/fr\/territoire#breadcrumb\"},\"inLanguage\":\"fr-FR\",\"potentialAction\":[{\"@type\":\"ReadAction\",\"target\":[\"https:\/\/www.visitlakecomo.info\/fr\/territoire\"]}]},{\"@type\":\"BreadcrumbList\",\"@id\":\"https:\/\/www.visitlakecomo.info\/fr\/territoire#breadcrumb\",\"itemListElement\":[{\"@type\":\"ListItem\",\"position\":1,\"name\":\"Home\",\"item\":\"https:\/\/www.visitlakecomo.info\/fr\"},{\"@type\":\"ListItem\",\"position\":2,\"name\":\"Territoire\"}]},{\"@type\":\"WebSite\",\"@id\":\"https:\/\/www.visitlakecomo.info\/#website\",\"url\":\"https:\/\/www.visitlakecomo.info\/\",\"name\":\"Visit Lake Como\",\"description\":\"\",\"potentialAction\":[{\"@type\":\"SearchAction\",\"target\":{\"@type\":\"EntryPoint\",\"urlTemplate\":\"https:\/\/www.visitlakecomo.info\/?s={search_term_string}\"},\"query-input\":{\"@type\":\"PropertyValueSpecification\",\"valueRequired\":true,\"valueName\":\"search_term_string\"}}],\"inLanguage\":\"fr-FR\"}]}<\/script>\n<!-- \/ Yoast SEO plugin. -->","yoast_head_json":{"title":"Centre du Lac de C\u00f4me: territoire et villages - Visit Lake Como","description":"D\u00e9couvrez le Centre du Lac de C\u00f4me: Bellagio, Tremezzina, Menaggio, Varenna et Griante entre histoire et nature.","robots":{"index":"index","follow":"follow","max-snippet":"max-snippet:-1","max-image-preview":"max-image-preview:large","max-video-preview":"max-video-preview:-1"},"canonical":"https:\/\/www.visitlakecomo.info\/fr\/territoire","og_locale":"fr_FR","og_type":"article","og_title":"Centre du Lac de C\u00f4me: territoire et villages - Visit Lake Como","og_description":"D\u00e9couvrez le Centre du Lac de C\u00f4me: Bellagio, Tremezzina, Menaggio, Varenna et Griante entre histoire et nature.","og_url":"https:\/\/www.visitlakecomo.info\/fr\/territoire","og_site_name":"Visit Lake Como","article_modified_time":"2025-06-23T14:47:19+00:00","twitter_card":"summary_large_image","schema":{"@context":"https:\/\/schema.org","@graph":[{"@type":"WebPage","@id":"https:\/\/www.visitlakecomo.info\/fr\/territoire","url":"https:\/\/www.visitlakecomo.info\/fr\/territoire","name":"Centre du Lac de C\u00f4me: territoire et villages - Visit Lake Como","isPartOf":{"@id":"https:\/\/www.visitlakecomo.info\/#website"},"datePublished":"2025-04-16T13:25:06+00:00","dateModified":"2025-06-23T14:47:19+00:00","description":"D\u00e9couvrez le Centre du Lac de C\u00f4me: Bellagio, Tremezzina, Menaggio, Varenna et Griante entre histoire et nature.","breadcrumb":{"@id":"https:\/\/www.visitlakecomo.info\/fr\/territoire#breadcrumb"},"inLanguage":"fr-FR","potentialAction":[{"@type":"ReadAction","target":["https:\/\/www.visitlakecomo.info\/fr\/territoire"]}]},{"@type":"BreadcrumbList","@id":"https:\/\/www.visitlakecomo.info\/fr\/territoire#breadcrumb","itemListElement":[{"@type":"ListItem","position":1,"name":"Home","item":"https:\/\/www.visitlakecomo.info\/fr"},{"@type":"ListItem","position":2,"name":"Territoire"}]},{"@type":"WebSite","@id":"https:\/\/www.visitlakecomo.info\/#website","url":"https:\/\/www.visitlakecomo.info\/","name":"Visit Lake Como","description":"","potentialAction":[{"@type":"SearchAction","target":{"@type":"EntryPoint","urlTemplate":"https:\/\/www.visitlakecomo.info\/?s={search_term_string}"},"query-input":{"@type":"PropertyValueSpecification","valueRequired":true,"valueName":"search_term_string"}}],"inLanguage":"fr-FR"}]}},"_links":{"self":[{"href":"http:\/\/www.visitlakecomo.info\/fr\/wp-json\/wp\/v2\/pages\/2679","targetHints":{"allow":["GET"]}}],"collection":[{"href":"http:\/\/www.visitlakecomo.info\/fr\/wp-json\/wp\/v2\/pages"}],"about":[{"href":"http:\/\/www.visitlakecomo.info\/fr\/wp-json\/wp\/v2\/types\/page"}],"author":[{"embeddable":true,"href":"http:\/\/www.visitlakecomo.info\/fr\/wp-json\/wp\/v2\/users\/1"}],"replies":[{"embeddable":true,"href":"http:\/\/www.visitlakecomo.info\/fr\/wp-json\/wp\/v2\/comments?post=2679"}],"version-history":[{"count":1,"href":"http:\/\/www.visitlakecomo.info\/fr\/wp-json\/wp\/v2\/pages\/2679\/revisions"}],"predecessor-version":[{"id":2680,"href":"http:\/\/www.visitlakecomo.info\/fr\/wp-json\/wp\/v2\/pages\/2679\/revisions\/2680"}],"wp:attachment":[{"href":"http:\/\/www.visitlakecomo.info\/fr\/wp-json\/wp\/v2\/media?parent=2679"}],"curies":[{"name":"wp","href":"https:\/\/api.w.org\/{rel}","templated":true}]}}