{"id":2727,"date":"2025-05-20T09:11:54","date_gmt":"2025-05-20T09:11:54","guid":{"rendered":"https:\/\/www.visitlakecomo.info\/entreprises\/tourisme"},"modified":"2025-06-23T14:47:20","modified_gmt":"2025-06-23T14:47:20","slug":"tourisme","status":"publish","type":"page","link":"http:\/\/www.visitlakecomo.info\/fr\/entreprises\/tourisme","title":{"rendered":"Tourisme"},"content":{"rendered":"<p>Les <b>services touristiques du Lac de C\u00f4me<\/b>: location de v\u00e9los, circuits \u00e0 v\u00e9lo, excursions organis\u00e9es et assistance pour des voyages sur mesure, en groupe ou individuels.<\/p>","protected":false},"excerpt":{"rendered":"<p>Les services touristiques du Lac de C\u00f4me: location de v\u00e9los, circuits \u00e0 v\u00e9lo, excursions organis\u00e9es et assistance pour des voyages sur mesure, en groupe ou individuels.<\/p>\n","protected":false},"author":1,"featured_media":0,"parent":2677,"menu_order":0,"comment_status":"closed","ping_status":"closed","template":"page-templates\/categoria_imprese.php","meta":{"_acf_changed":false,"inline_featured_image":false,"footnotes":""},"class_list":["post-2727","page","type-page","status-publish","hentry"],"acf":[],"yoast_head":"<!-- This site is optimized with the Yoast SEO plugin v25.2 - https:\/\/yoast.com\/wordpress\/plugins\/seo\/ -->\n<title>Activit\u00e9s touristiques sur le Lac de C\u00f4me - Visit Lake Como<\/title>\n<meta name=\"description\" content=\"D\u00e9couvrez les activit\u00e9s du Lac de C\u00f4me: location de v\u00e9los, circuits \u00e0 v\u00e9lo, excursions organis\u00e9es et assistance aux voyageurs.\" \/>\n<meta name=\"robots\" content=\"index, follow, max-snippet:-1, max-image-preview:large, max-video-preview:-1\" \/>\n<link rel=\"canonical\" href=\"https:\/\/www.visitlakecomo.info\/fr\/entreprises\/tourisme\" \/>\n<meta property=\"og:locale\" content=\"fr_FR\" \/>\n<meta property=\"og:type\" content=\"article\" \/>\n<meta property=\"og:title\" content=\"Activit\u00e9s touristiques sur le Lac de C\u00f4me - Visit Lake Como\" \/>\n<meta property=\"og:description\" content=\"D\u00e9couvrez les activit\u00e9s du Lac de C\u00f4me: location de v\u00e9los, circuits \u00e0 v\u00e9lo, excursions organis\u00e9es et assistance aux voyageurs.\" \/>\n<meta property=\"og:url\" content=\"https:\/\/www.visitlakecomo.info\/fr\/entreprises\/tourisme\" \/>\n<meta property=\"og:site_name\" content=\"Visit Lake Como\" \/>\n<meta property=\"article:modified_time\" content=\"2025-06-23T14:47:20+00:00\" \/>\n<meta name=\"twitter:card\" content=\"summary_large_image\" \/>\n<script type=\"application\/ld+json\" class=\"yoast-schema-graph\">{\"@context\":\"https:\/\/schema.org\",\"@graph\":[{\"@type\":\"WebPage\",\"@id\":\"https:\/\/www.visitlakecomo.info\/fr\/entreprises\/tourisme\",\"url\":\"https:\/\/www.visitlakecomo.info\/fr\/entreprises\/tourisme\",\"name\":\"Activit\u00e9s touristiques sur le Lac de C\u00f4me - Visit Lake Como\",\"isPartOf\":{\"@id\":\"https:\/\/www.visitlakecomo.info\/#website\"},\"datePublished\":\"2025-05-20T09:11:54+00:00\",\"dateModified\":\"2025-06-23T14:47:20+00:00\",\"description\":\"D\u00e9couvrez les activit\u00e9s du Lac de C\u00f4me: location de v\u00e9los, circuits \u00e0 v\u00e9lo, excursions organis\u00e9es et assistance aux voyageurs.\",\"breadcrumb\":{\"@id\":\"https:\/\/www.visitlakecomo.info\/fr\/entreprises\/tourisme#breadcrumb\"},\"inLanguage\":\"fr-FR\",\"potentialAction\":[{\"@type\":\"ReadAction\",\"target\":[\"https:\/\/www.visitlakecomo.info\/fr\/entreprises\/tourisme\"]}]},{\"@type\":\"BreadcrumbList\",\"@id\":\"https:\/\/www.visitlakecomo.info\/fr\/entreprises\/tourisme#breadcrumb\",\"itemListElement\":[{\"@type\":\"ListItem\",\"position\":1,\"name\":\"Home\",\"item\":\"https:\/\/www.visitlakecomo.info\/fr\"},{\"@type\":\"ListItem\",\"position\":2,\"name\":\"Entreprises\",\"item\":\"https:\/\/www.visitlakecomo.info\/fr\/entreprises\"},{\"@type\":\"ListItem\",\"position\":3,\"name\":\"Tourisme\"}]},{\"@type\":\"WebSite\",\"@id\":\"https:\/\/www.visitlakecomo.info\/#website\",\"url\":\"https:\/\/www.visitlakecomo.info\/\",\"name\":\"Visit Lake Como\",\"description\":\"\",\"potentialAction\":[{\"@type\":\"SearchAction\",\"target\":{\"@type\":\"EntryPoint\",\"urlTemplate\":\"https:\/\/www.visitlakecomo.info\/?s={search_term_string}\"},\"query-input\":{\"@type\":\"PropertyValueSpecification\",\"valueRequired\":true,\"valueName\":\"search_term_string\"}}],\"inLanguage\":\"fr-FR\"}]}<\/script>\n<!-- \/ Yoast SEO plugin. -->","yoast_head_json":{"title":"Activit\u00e9s touristiques sur le Lac de C\u00f4me - Visit Lake Como","description":"D\u00e9couvrez les activit\u00e9s du Lac de C\u00f4me: location de v\u00e9los, circuits \u00e0 v\u00e9lo, excursions organis\u00e9es et assistance aux voyageurs.","robots":{"index":"index","follow":"follow","max-snippet":"max-snippet:-1","max-image-preview":"max-image-preview:large","max-video-preview":"max-video-preview:-1"},"canonical":"https:\/\/www.visitlakecomo.info\/fr\/entreprises\/tourisme","og_locale":"fr_FR","og_type":"article","og_title":"Activit\u00e9s touristiques sur le Lac de C\u00f4me - Visit Lake Como","og_description":"D\u00e9couvrez les activit\u00e9s du Lac de C\u00f4me: location de v\u00e9los, circuits \u00e0 v\u00e9lo, excursions organis\u00e9es et assistance aux voyageurs.","og_url":"https:\/\/www.visitlakecomo.info\/fr\/entreprises\/tourisme","og_site_name":"Visit Lake Como","article_modified_time":"2025-06-23T14:47:20+00:00","twitter_card":"summary_large_image","schema":{"@context":"https:\/\/schema.org","@graph":[{"@type":"WebPage","@id":"https:\/\/www.visitlakecomo.info\/fr\/entreprises\/tourisme","url":"https:\/\/www.visitlakecomo.info\/fr\/entreprises\/tourisme","name":"Activit\u00e9s touristiques sur le Lac de C\u00f4me - Visit Lake Como","isPartOf":{"@id":"https:\/\/www.visitlakecomo.info\/#website"},"datePublished":"2025-05-20T09:11:54+00:00","dateModified":"2025-06-23T14:47:20+00:00","description":"D\u00e9couvrez les activit\u00e9s du Lac de C\u00f4me: location de v\u00e9los, circuits \u00e0 v\u00e9lo, excursions organis\u00e9es et assistance aux voyageurs.","breadcrumb":{"@id":"https:\/\/www.visitlakecomo.info\/fr\/entreprises\/tourisme#breadcrumb"},"inLanguage":"fr-FR","potentialAction":[{"@type":"ReadAction","target":["https:\/\/www.visitlakecomo.info\/fr\/entreprises\/tourisme"]}]},{"@type":"BreadcrumbList","@id":"https:\/\/www.visitlakecomo.info\/fr\/entreprises\/tourisme#breadcrumb","itemListElement":[{"@type":"ListItem","position":1,"name":"Home","item":"https:\/\/www.visitlakecomo.info\/fr"},{"@type":"ListItem","position":2,"name":"Entreprises","item":"https:\/\/www.visitlakecomo.info\/fr\/entreprises"},{"@type":"ListItem","position":3,"name":"Tourisme"}]},{"@type":"WebSite","@id":"https:\/\/www.visitlakecomo.info\/#website","url":"https:\/\/www.visitlakecomo.info\/","name":"Visit Lake Como","description":"","potentialAction":[{"@type":"SearchAction","target":{"@type":"EntryPoint","urlTemplate":"https:\/\/www.visitlakecomo.info\/?s={search_term_string}"},"query-input":{"@type":"PropertyValueSpecification","valueRequired":true,"valueName":"search_term_string"}}],"inLanguage":"fr-FR"}]}},"_links":{"self":[{"href":"http:\/\/www.visitlakecomo.info\/fr\/wp-json\/wp\/v2\/pages\/2727","targetHints":{"allow":["GET"]}}],"collection":[{"href":"http:\/\/www.visitlakecomo.info\/fr\/wp-json\/wp\/v2\/pages"}],"about":[{"href":"http:\/\/www.visitlakecomo.info\/fr\/wp-json\/wp\/v2\/types\/page"}],"author":[{"embeddable":true,"href":"http:\/\/www.visitlakecomo.info\/fr\/wp-json\/wp\/v2\/users\/1"}],"replies":[{"embeddable":true,"href":"http:\/\/www.visitlakecomo.info\/fr\/wp-json\/wp\/v2\/comments?post=2727"}],"version-history":[{"count":1,"href":"http:\/\/www.visitlakecomo.info\/fr\/wp-json\/wp\/v2\/pages\/2727\/revisions"}],"predecessor-version":[{"id":2728,"href":"http:\/\/www.visitlakecomo.info\/fr\/wp-json\/wp\/v2\/pages\/2727\/revisions\/2728"}],"up":[{"embeddable":true,"href":"http:\/\/www.visitlakecomo.info\/fr\/wp-json\/wp\/v2\/pages\/2677"}],"wp:attachment":[{"href":"http:\/\/www.visitlakecomo.info\/fr\/wp-json\/wp\/v2\/media?parent=2727"}],"curies":[{"name":"wp","href":"https:\/\/api.w.org\/{rel}","templated":true}]}}