{"id":2739,"date":"2025-05-20T09:12:43","date_gmt":"2025-05-20T09:12:43","guid":{"rendered":"https:\/\/www.visitlakecomo.info\/entreprises\/boulangeries"},"modified":"2025-06-23T14:47:21","modified_gmt":"2025-06-23T14:47:21","slug":"boulangeries","status":"publish","type":"page","link":"http:\/\/www.visitlakecomo.info\/fr\/entreprises\/boulangeries","title":{"rendered":"Boulangeries"},"content":{"rendered":"<p>Les boulangeries du lac de C\u00f4me vous r\u00e9galent avec du pain frais et des produits de boulangerie artisanaux : apportez \u00e0 votre table les saveurs authentiques de la tradition locale !<\/p>","protected":false},"excerpt":{"rendered":"<p>Les boulangeries du lac de C\u00f4me vous r\u00e9galent avec du pain frais et des produits de boulangerie artisanaux : apportez \u00e0 votre table les saveurs authentiques de la tradition locale !<\/p>\n","protected":false},"author":1,"featured_media":0,"parent":2677,"menu_order":0,"comment_status":"closed","ping_status":"closed","template":"page-templates\/categoria_imprese.php","meta":{"_acf_changed":false,"inline_featured_image":false,"footnotes":""},"class_list":["post-2739","page","type-page","status-publish","hentry"],"acf":[],"yoast_head":"<!-- This site is optimized with the Yoast SEO plugin v25.2 - https:\/\/yoast.com\/wordpress\/plugins\/seo\/ -->\n<title>Boulangeries sur le Lac de C\u00f4me - Visit Lake Como<\/title>\n<meta name=\"description\" content=\"D\u00e9couvrez les boulangeries du Lac de C\u00f4me: pain frais et produits de boulangerie artisanaux.\" \/>\n<meta name=\"robots\" content=\"index, follow, max-snippet:-1, max-image-preview:large, max-video-preview:-1\" \/>\n<link rel=\"canonical\" href=\"https:\/\/www.visitlakecomo.info\/fr\/entreprises\/boulangeries\" \/>\n<meta property=\"og:locale\" content=\"fr_FR\" \/>\n<meta property=\"og:type\" content=\"article\" \/>\n<meta property=\"og:title\" content=\"Boulangeries sur le Lac de C\u00f4me - Visit Lake Como\" \/>\n<meta property=\"og:description\" content=\"D\u00e9couvrez les boulangeries du Lac de C\u00f4me: pain frais et produits de boulangerie artisanaux.\" \/>\n<meta property=\"og:url\" content=\"https:\/\/www.visitlakecomo.info\/fr\/entreprises\/boulangeries\" \/>\n<meta property=\"og:site_name\" content=\"Visit Lake Como\" \/>\n<meta property=\"article:modified_time\" content=\"2025-06-23T14:47:21+00:00\" \/>\n<meta name=\"twitter:card\" content=\"summary_large_image\" \/>\n<script type=\"application\/ld+json\" class=\"yoast-schema-graph\">{\"@context\":\"https:\/\/schema.org\",\"@graph\":[{\"@type\":\"WebPage\",\"@id\":\"https:\/\/www.visitlakecomo.info\/fr\/entreprises\/boulangeries\",\"url\":\"https:\/\/www.visitlakecomo.info\/fr\/entreprises\/boulangeries\",\"name\":\"Boulangeries sur le Lac de C\u00f4me - Visit Lake Como\",\"isPartOf\":{\"@id\":\"https:\/\/www.visitlakecomo.info\/#website\"},\"datePublished\":\"2025-05-20T09:12:43+00:00\",\"dateModified\":\"2025-06-23T14:47:21+00:00\",\"description\":\"D\u00e9couvrez les boulangeries du Lac de C\u00f4me: pain frais et produits de boulangerie artisanaux.\",\"breadcrumb\":{\"@id\":\"https:\/\/www.visitlakecomo.info\/fr\/entreprises\/boulangeries#breadcrumb\"},\"inLanguage\":\"fr-FR\",\"potentialAction\":[{\"@type\":\"ReadAction\",\"target\":[\"https:\/\/www.visitlakecomo.info\/fr\/entreprises\/boulangeries\"]}]},{\"@type\":\"BreadcrumbList\",\"@id\":\"https:\/\/www.visitlakecomo.info\/fr\/entreprises\/boulangeries#breadcrumb\",\"itemListElement\":[{\"@type\":\"ListItem\",\"position\":1,\"name\":\"Home\",\"item\":\"https:\/\/www.visitlakecomo.info\/fr\"},{\"@type\":\"ListItem\",\"position\":2,\"name\":\"Entreprises\",\"item\":\"https:\/\/www.visitlakecomo.info\/fr\/entreprises\"},{\"@type\":\"ListItem\",\"position\":3,\"name\":\"Boulangeries\"}]},{\"@type\":\"WebSite\",\"@id\":\"https:\/\/www.visitlakecomo.info\/#website\",\"url\":\"https:\/\/www.visitlakecomo.info\/\",\"name\":\"Visit Lake Como\",\"description\":\"\",\"potentialAction\":[{\"@type\":\"SearchAction\",\"target\":{\"@type\":\"EntryPoint\",\"urlTemplate\":\"https:\/\/www.visitlakecomo.info\/?s={search_term_string}\"},\"query-input\":{\"@type\":\"PropertyValueSpecification\",\"valueRequired\":true,\"valueName\":\"search_term_string\"}}],\"inLanguage\":\"fr-FR\"}]}<\/script>\n<!-- \/ Yoast SEO plugin. -->","yoast_head_json":{"title":"Boulangeries sur le Lac de C\u00f4me - Visit Lake Como","description":"D\u00e9couvrez les boulangeries du Lac de C\u00f4me: pain frais et produits de boulangerie artisanaux.","robots":{"index":"index","follow":"follow","max-snippet":"max-snippet:-1","max-image-preview":"max-image-preview:large","max-video-preview":"max-video-preview:-1"},"canonical":"https:\/\/www.visitlakecomo.info\/fr\/entreprises\/boulangeries","og_locale":"fr_FR","og_type":"article","og_title":"Boulangeries sur le Lac de C\u00f4me - Visit Lake Como","og_description":"D\u00e9couvrez les boulangeries du Lac de C\u00f4me: pain frais et produits de boulangerie artisanaux.","og_url":"https:\/\/www.visitlakecomo.info\/fr\/entreprises\/boulangeries","og_site_name":"Visit Lake Como","article_modified_time":"2025-06-23T14:47:21+00:00","twitter_card":"summary_large_image","schema":{"@context":"https:\/\/schema.org","@graph":[{"@type":"WebPage","@id":"https:\/\/www.visitlakecomo.info\/fr\/entreprises\/boulangeries","url":"https:\/\/www.visitlakecomo.info\/fr\/entreprises\/boulangeries","name":"Boulangeries sur le Lac de C\u00f4me - Visit Lake Como","isPartOf":{"@id":"https:\/\/www.visitlakecomo.info\/#website"},"datePublished":"2025-05-20T09:12:43+00:00","dateModified":"2025-06-23T14:47:21+00:00","description":"D\u00e9couvrez les boulangeries du Lac de C\u00f4me: pain frais et produits de boulangerie artisanaux.","breadcrumb":{"@id":"https:\/\/www.visitlakecomo.info\/fr\/entreprises\/boulangeries#breadcrumb"},"inLanguage":"fr-FR","potentialAction":[{"@type":"ReadAction","target":["https:\/\/www.visitlakecomo.info\/fr\/entreprises\/boulangeries"]}]},{"@type":"BreadcrumbList","@id":"https:\/\/www.visitlakecomo.info\/fr\/entreprises\/boulangeries#breadcrumb","itemListElement":[{"@type":"ListItem","position":1,"name":"Home","item":"https:\/\/www.visitlakecomo.info\/fr"},{"@type":"ListItem","position":2,"name":"Entreprises","item":"https:\/\/www.visitlakecomo.info\/fr\/entreprises"},{"@type":"ListItem","position":3,"name":"Boulangeries"}]},{"@type":"WebSite","@id":"https:\/\/www.visitlakecomo.info\/#website","url":"https:\/\/www.visitlakecomo.info\/","name":"Visit Lake Como","description":"","potentialAction":[{"@type":"SearchAction","target":{"@type":"EntryPoint","urlTemplate":"https:\/\/www.visitlakecomo.info\/?s={search_term_string}"},"query-input":{"@type":"PropertyValueSpecification","valueRequired":true,"valueName":"search_term_string"}}],"inLanguage":"fr-FR"}]}},"_links":{"self":[{"href":"http:\/\/www.visitlakecomo.info\/fr\/wp-json\/wp\/v2\/pages\/2739","targetHints":{"allow":["GET"]}}],"collection":[{"href":"http:\/\/www.visitlakecomo.info\/fr\/wp-json\/wp\/v2\/pages"}],"about":[{"href":"http:\/\/www.visitlakecomo.info\/fr\/wp-json\/wp\/v2\/types\/page"}],"author":[{"embeddable":true,"href":"http:\/\/www.visitlakecomo.info\/fr\/wp-json\/wp\/v2\/users\/1"}],"replies":[{"embeddable":true,"href":"http:\/\/www.visitlakecomo.info\/fr\/wp-json\/wp\/v2\/comments?post=2739"}],"version-history":[{"count":1,"href":"http:\/\/www.visitlakecomo.info\/fr\/wp-json\/wp\/v2\/pages\/2739\/revisions"}],"predecessor-version":[{"id":2740,"href":"http:\/\/www.visitlakecomo.info\/fr\/wp-json\/wp\/v2\/pages\/2739\/revisions\/2740"}],"up":[{"embeddable":true,"href":"http:\/\/www.visitlakecomo.info\/fr\/wp-json\/wp\/v2\/pages\/2677"}],"wp:attachment":[{"href":"http:\/\/www.visitlakecomo.info\/fr\/wp-json\/wp\/v2\/media?parent=2739"}],"curies":[{"name":"wp","href":"https:\/\/api.w.org\/{rel}","templated":true}]}}