{"id":55,"date":"2025-04-16T13:05:52","date_gmt":"2025-04-16T13:05:52","guid":{"rendered":"https:\/\/www.visitlakecomo.info\/?page_id=55"},"modified":"2025-06-23T14:47:07","modified_gmt":"2025-06-23T14:47:07","slug":"homepage","status":"publish","type":"page","link":"http:\/\/www.visitlakecomo.info\/fr","title":{"rendered":"Page d\u2019accueil"},"content":{"rendered":"<p>Bienvenue sur le <b>Lac de C\u00f4me<\/b>, o\u00f9 l&#039;\u00e9l\u00e9gance des <b>villas historiques<\/b> rencontre la <b>majest\u00e9 des Alpes<\/b>. Les eaux scintillantes du Lac servent de toile de fond \u00e0 de po\u00e9tiques <b>excursions en bateau<\/b>, vous accompagnent lors de la <b>visite des villages et jardins<\/b>, ou durant vos <b>randonn\u00e9es en pleine nature<\/b>. Le lac devient \u00e9galement le protagoniste \u00e0 table, pour des <b>exp\u00e9riences \u0153nogastronomiques<\/b> qui racontent l&#039;authentique tradition larianaise.<\/p>","protected":false},"excerpt":{"rendered":"<p>Bienvenue sur le Lac de C\u00f4me, o\u00f9 l&#039;\u00e9l\u00e9gance des villas historiques rencontre la majest\u00e9 des Alpes. Les eaux scintillantes du Lac servent de toile de fond \u00e0 de po\u00e9tiques excursions en bateau, vous accompagnent lors de la visite des villages et jardins, ou durant vos randonn\u00e9es en pleine nature. Le lac devient \u00e9galement le protagoniste &hellip;<\/p>\n","protected":false},"author":1,"featured_media":0,"parent":0,"menu_order":0,"comment_status":"closed","ping_status":"closed","template":"page-templates\/homepage.php","meta":{"_acf_changed":false,"inline_featured_image":false,"footnotes":""},"class_list":["post-55","page","type-page","status-publish","hentry"],"acf":[],"yoast_head":"<!-- This site is optimized with the Yoast SEO plugin v25.2 - https:\/\/yoast.com\/wordpress\/plugins\/seo\/ -->\n<title>Visit Lake Como<\/title>\n<meta name=\"robots\" content=\"index, follow, max-snippet:-1, max-image-preview:large, max-video-preview:-1\" \/>\n<link rel=\"canonical\" href=\"https:\/\/www.visitlakecomo.info\/fr\" \/>\n<meta property=\"og:locale\" content=\"fr_FR\" \/>\n<meta property=\"og:type\" content=\"article\" \/>\n<meta property=\"og:title\" content=\"Visit Lake Como\" \/>\n<meta property=\"og:description\" content=\"Bienvenue sur le Lac de C\u00f4me, o\u00f9 l&#039;\u00e9l\u00e9gance des villas historiques rencontre la majest\u00e9 des Alpes. Les eaux scintillantes du Lac servent de toile de fond \u00e0 de po\u00e9tiques excursions en bateau, vous accompagnent lors de la visite des villages et jardins, ou durant vos randonn\u00e9es en pleine nature. Le lac devient \u00e9galement le protagoniste &hellip;\" \/>\n<meta property=\"og:url\" content=\"https:\/\/www.visitlakecomo.info\/fr\" \/>\n<meta property=\"og:site_name\" content=\"Visit Lake Como\" \/>\n<meta property=\"article:modified_time\" content=\"2025-06-23T14:47:07+00:00\" \/>\n<meta name=\"twitter:card\" content=\"summary_large_image\" \/>\n<script type=\"application\/ld+json\" class=\"yoast-schema-graph\">{\"@context\":\"https:\/\/schema.org\",\"@graph\":[{\"@type\":\"WebPage\",\"@id\":\"https:\/\/www.visitlakecomo.info\/fr\",\"url\":\"https:\/\/www.visitlakecomo.info\/fr\",\"name\":\"Visit Lake Como\",\"isPartOf\":{\"@id\":\"https:\/\/www.visitlakecomo.info\/#website\"},\"datePublished\":\"2025-04-16T13:05:52+00:00\",\"dateModified\":\"2025-06-23T14:47:07+00:00\",\"breadcrumb\":{\"@id\":\"https:\/\/www.visitlakecomo.info\/fr#breadcrumb\"},\"inLanguage\":\"fr-FR\",\"potentialAction\":[{\"@type\":\"ReadAction\",\"target\":[\"https:\/\/www.visitlakecomo.info\/fr\"]}]},{\"@type\":\"BreadcrumbList\",\"@id\":\"https:\/\/www.visitlakecomo.info\/fr#breadcrumb\",\"itemListElement\":[{\"@type\":\"ListItem\",\"position\":1,\"name\":\"Home\",\"item\":\"https:\/\/www.visitlakecomo.info\/fr\"},{\"@type\":\"ListItem\",\"position\":2,\"name\":\"Page d\u2019accueil\"}]},{\"@type\":\"WebSite\",\"@id\":\"https:\/\/www.visitlakecomo.info\/#website\",\"url\":\"https:\/\/www.visitlakecomo.info\/\",\"name\":\"Visit Lake Como\",\"description\":\"\",\"potentialAction\":[{\"@type\":\"SearchAction\",\"target\":{\"@type\":\"EntryPoint\",\"urlTemplate\":\"https:\/\/www.visitlakecomo.info\/?s={search_term_string}\"},\"query-input\":{\"@type\":\"PropertyValueSpecification\",\"valueRequired\":true,\"valueName\":\"search_term_string\"}}],\"inLanguage\":\"fr-FR\"}]}<\/script>\n<!-- \/ Yoast SEO plugin. -->","yoast_head_json":{"title":"Visit Lake Como","robots":{"index":"index","follow":"follow","max-snippet":"max-snippet:-1","max-image-preview":"max-image-preview:large","max-video-preview":"max-video-preview:-1"},"canonical":"https:\/\/www.visitlakecomo.info\/fr","og_locale":"fr_FR","og_type":"article","og_title":"Visit Lake Como","og_description":"Bienvenue sur le Lac de C\u00f4me, o\u00f9 l&#039;\u00e9l\u00e9gance des villas historiques rencontre la majest\u00e9 des Alpes. Les eaux scintillantes du Lac servent de toile de fond \u00e0 de po\u00e9tiques excursions en bateau, vous accompagnent lors de la visite des villages et jardins, ou durant vos randonn\u00e9es en pleine nature. Le lac devient \u00e9galement le protagoniste &hellip;","og_url":"https:\/\/www.visitlakecomo.info\/fr","og_site_name":"Visit Lake Como","article_modified_time":"2025-06-23T14:47:07+00:00","twitter_card":"summary_large_image","schema":{"@context":"https:\/\/schema.org","@graph":[{"@type":"WebPage","@id":"https:\/\/www.visitlakecomo.info\/fr","url":"https:\/\/www.visitlakecomo.info\/fr","name":"Visit Lake Como","isPartOf":{"@id":"https:\/\/www.visitlakecomo.info\/#website"},"datePublished":"2025-04-16T13:05:52+00:00","dateModified":"2025-06-23T14:47:07+00:00","breadcrumb":{"@id":"https:\/\/www.visitlakecomo.info\/fr#breadcrumb"},"inLanguage":"fr-FR","potentialAction":[{"@type":"ReadAction","target":["https:\/\/www.visitlakecomo.info\/fr"]}]},{"@type":"BreadcrumbList","@id":"https:\/\/www.visitlakecomo.info\/fr#breadcrumb","itemListElement":[{"@type":"ListItem","position":1,"name":"Home","item":"https:\/\/www.visitlakecomo.info\/fr"},{"@type":"ListItem","position":2,"name":"Page d\u2019accueil"}]},{"@type":"WebSite","@id":"https:\/\/www.visitlakecomo.info\/#website","url":"https:\/\/www.visitlakecomo.info\/","name":"Visit Lake Como","description":"","potentialAction":[{"@type":"SearchAction","target":{"@type":"EntryPoint","urlTemplate":"https:\/\/www.visitlakecomo.info\/?s={search_term_string}"},"query-input":{"@type":"PropertyValueSpecification","valueRequired":true,"valueName":"search_term_string"}}],"inLanguage":"fr-FR"}]}},"_links":{"self":[{"href":"http:\/\/www.visitlakecomo.info\/fr\/wp-json\/wp\/v2\/pages\/55","targetHints":{"allow":["GET"]}}],"collection":[{"href":"http:\/\/www.visitlakecomo.info\/fr\/wp-json\/wp\/v2\/pages"}],"about":[{"href":"http:\/\/www.visitlakecomo.info\/fr\/wp-json\/wp\/v2\/types\/page"}],"author":[{"embeddable":true,"href":"http:\/\/www.visitlakecomo.info\/fr\/wp-json\/wp\/v2\/users\/1"}],"replies":[{"embeddable":true,"href":"http:\/\/www.visitlakecomo.info\/fr\/wp-json\/wp\/v2\/comments?post=55"}],"version-history":[{"count":3,"href":"http:\/\/www.visitlakecomo.info\/fr\/wp-json\/wp\/v2\/pages\/55\/revisions"}],"predecessor-version":[{"id":2668,"href":"http:\/\/www.visitlakecomo.info\/fr\/wp-json\/wp\/v2\/pages\/55\/revisions\/2668"}],"wp:attachment":[{"href":"http:\/\/www.visitlakecomo.info\/fr\/wp-json\/wp\/v2\/media?parent=55"}],"curies":[{"name":"wp","href":"https:\/\/api.w.org\/{rel}","templated":true}]}}